{"id":1584,"date":"2021-05-11T15:03:43","date_gmt":"2021-05-11T13:03:43","guid":{"rendered":"https:\/\/zenity-design-renovation.fr\/handwerker-maler-strassburg\/"},"modified":"2021-05-11T15:03:49","modified_gmt":"2021-05-11T13:03:49","slug":"handwerker-maler-strassburg","status":"publish","type":"page","link":"https:\/\/zenity-design-renovation.fr\/de\/handwerker-maler-strassburg\/","title":{"rendered":"Handwerker Maler Stra\u00dfburg"},"content":{"rendered":"\n[et_pb_section fb_built=&#8221;1&#8243; admin_label=&#8221;Hero&#8221; _builder_version=&#8221;4.0.6&#8243; use_background_color_gradient=&#8221;on&#8221; background_color_gradient_start=&#8221;rgba(40,40,40,0.79)&#8221; background_color_gradient_end=&#8221;rgba(40,40,40,0.86)&#8221; background_color_gradient_type=&#8221;radial&#8221; background_color_gradient_direction_radial=&#8221;top left&#8221; background_color_gradient_overlays_image=&#8221;on&#8221; background_image=&#8221;https:\/\/zenity-design-renovation.fr\/wp-content\/uploads\/2019\/11\/R\u00e9novation-d\u2019une-cuisine-dun-appartement-Haussmannien-\u00e0-Strasbourg-min.jpg&#8221; custom_margin=&#8221;||||false&#8221; custom_padding=&#8221;10vw||10vw||true|false&#8221;][et_pb_row column_structure=&#8221;2_3,1_3&#8243; _builder_version=&#8221;3.25&#8243;][et_pb_column type=&#8221;2_3&#8243; _builder_version=&#8221;3.25&#8243; custom_padding=&#8221;|||&#8221; custom_padding__hover=&#8221;|||&#8221;][et_pb_text _builder_version=&#8221;4.0.6&#8243; text_font=&#8221;||||||||&#8221; header_font=&#8221;Rubik|700|||||||&#8221; header_font_size=&#8221;64px&#8221; header_line_height=&#8221;1.1em&#8221; background_layout=&#8221;dark&#8221; max_width=&#8221;800px&#8221; custom_margin=&#8221;||0px|&#8221; custom_padding=&#8221;|||16px&#8221; text_font_size_tablet=&#8221;14px&#8221; text_font_size_last_edited=&#8221;off|desktop&#8221; header_font_size_tablet=&#8221;44px&#8221; header_font_size_phone=&#8221;32px&#8221; header_font_size_last_edited=&#8221;on|phone&#8221; border_color_all=&#8221;#ffb400&#8243; border_width_left=&#8221;10px&#8221;]<h1>Maler in Stra\u00dfburg<\/h1>[\/et_pb_text][et_pb_text _builder_version=&#8221;4.0.6&#8243; text_font=&#8221;||||||||&#8221; text_font_size=&#8221;22px&#8221; text_line_height=&#8221;1.6em&#8221; header_font=&#8221;||||||||&#8221; background_layout=&#8221;dark&#8221; max_width=&#8221;800px&#8221; custom_margin=&#8221;|||&#8221; custom_padding=&#8221;20px||20px||true&#8221; text_font_size_tablet=&#8221;18px&#8221; text_font_size_phone=&#8221;&#8221; text_font_size_last_edited=&#8221;on|phone&#8221;]<p>Dank der von Zenity Design zertifizierten Handwerker bleibt kein Problem ungel\u00f6st. Entdecken Sie unsere zertifizierten Maler in Stra\u00dfburg.<\/p>[\/et_pb_text][\/et_pb_column][et_pb_column type=&#8221;1_3&#8243; _builder_version=&#8221;3.25&#8243; custom_padding=&#8221;|||&#8221; custom_padding__hover=&#8221;|||&#8221;][\/et_pb_column][\/et_pb_row][\/et_pb_section][et_pb_section fb_built=&#8221;1&#8243; disabled_on=&#8221;on|on|off&#8221; _builder_version=&#8221;4.3.4&#8243; background_color=&#8221;rgba(0,0,0,0)&#8221; positioning=&#8221;none&#8221; position_origin_f=&#8221;top_center&#8221; vertical_offset=&#8221;50px&#8221; z_index=&#8221;999999&#8243; custom_margin=&#8221;0vw||0vw||true|false&#8221; custom_padding=&#8221;0px||24px||false|false&#8221; z_index_tablet=&#8221;&#8221; z_index_phone=&#8221;999999&#8243; z_index_last_edited=&#8221;on|phone&#8221; custom_css_main_element=&#8221;position: -webkit-sticky;||position: sticky;||top: 2vw;&#8221; z_index__hover_enabled=&#8221;off|desktop&#8221; z_index__hover=&#8221;999999&#8243;][et_pb_row column_structure=&#8221;1_5,3_5,1_5&#8243; disabled_on=&#8221;on|on|off&#8221; _builder_version=&#8221;4.3.4&#8243; background_color=&#8221;rgba(0,0,0,0)&#8221; z_index=&#8221;500&#8243; custom_padding=&#8221;0px||21px||false|false&#8221; z_index__hover_enabled=&#8221;on|hover&#8221; z_index__hover=&#8221;500&#8243;][et_pb_column type=&#8221;1_5&#8243; _builder_version=&#8221;4.3.4&#8243;][\/et_pb_column][et_pb_column type=&#8221;3_5&#8243; _builder_version=&#8221;4.3.4&#8243; background_color=&#8221;rgba(0,0,0,0)&#8221;][et_pb_cta button_url=&#8221;#&#8221; button_text=&#8221;Rufen Sie uns jetzt unter 06.59.99.56.63 an&#8221; disabled_on=&#8221;on|on|off&#8221; module_id=&#8221;stickyphone&#8221; _builder_version=&#8221;4.3.4&#8243; background_color=&#8221;rgba(0,0,0,0)&#8221; custom_button=&#8221;on&#8221; button_text_color=&#8221;#0b8270&#8243; button_bg_color=&#8221;#ffffff&#8221; button_border_color=&#8221;#ffffff&#8221; positioning=&#8221;relative&#8221; z_index=&#8221;999999&#8243; custom_margin=&#8221;||||false|false&#8221; custom_padding=&#8221;4vw||10px||false|false&#8221; custom_padding_tablet=&#8221;&#8221; custom_padding_phone=&#8221;10px||||false|false&#8221; custom_padding_last_edited=&#8221;on|phone&#8221; z_index_tablet=&#8221;&#8221; z_index_phone=&#8221;999999&#8243; z_index_last_edited=&#8221;on|phone&#8221; custom_css_main_element=&#8221;position: -webkit-sticky;||  position: sticky;||  top: 0;&#8221; box_shadow_style_button=&#8221;preset1&#8243; z_index__hover_enabled=&#8221;off|hover&#8221; z_index__hover=&#8221;999999&#8243;][\/et_pb_cta][\/et_pb_column][et_pb_column type=&#8221;1_5&#8243; _builder_version=&#8221;4.3.4&#8243;][\/et_pb_column][\/et_pb_row][\/et_pb_section][et_pb_section fb_built=&#8221;1&#8243; disabled_on=&#8221;off|off|on&#8221; _builder_version=&#8221;4.3.4&#8243; background_color=&#8221;rgba(0,0,0,0)&#8221; positioning=&#8221;none&#8221; position_origin_f=&#8221;top_center&#8221; vertical_offset=&#8221;50px&#8221; z_index=&#8221;999999&#8243; custom_margin=&#8221;2%||0vw||false|false&#8221; custom_padding=&#8221;1.5%||0px||false|false&#8221; z_index_tablet=&#8221;&#8221; z_index_phone=&#8221;999999&#8243; z_index_last_edited=&#8221;on|phone&#8221; custom_css_main_element=&#8221;position: -webkit-sticky;||position: sticky;||top: 2vw;&#8221; z_index__hover_enabled=&#8221;off|desktop&#8221; z_index__hover=&#8221;999999&#8243;][et_pb_row column_structure=&#8221;1_5,3_5,1_5&#8243; disabled_on=&#8221;off|off|on&#8221; _builder_version=&#8221;4.3.4&#8243; background_color=&#8221;rgba(0,0,0,0)&#8221; z_index=&#8221;500&#8243; custom_margin=&#8221;2%||||false|false&#8221; custom_padding=&#8221;7px||0px||false|false&#8221; z_index__hover_enabled=&#8221;on|hover&#8221; z_index__hover=&#8221;500&#8243;][et_pb_column type=&#8221;1_5&#8243; _builder_version=&#8221;4.3.4&#8243;][\/et_pb_column][et_pb_column type=&#8221;3_5&#8243; _builder_version=&#8221;4.3.4&#8243; background_color=&#8221;rgba(0,0,0,0)&#8221;][et_pb_text disabled_on=&#8221;off|off|on&#8221; module_id=&#8221;stickyphone&#8221; _builder_version=&#8221;4.3.4&#8243; text_text_color=&#8221;#0b8271&#8243; text_font_size=&#8221;20px&#8221; text_line_height=&#8221;1.6em&#8221; background_color=&#8221;#ffffff&#8221; z_index=&#8221;500&#8243; text_orientation=&#8221;center&#8221; custom_padding=&#8221;3%||3%||true|false&#8221; z_index_tablet=&#8221;&#8221; z_index_phone=&#8221;&#8221; z_index_last_edited=&#8221;on|desktop&#8221; border_radii=&#8221;on|4px|4px|4px|4px&#8221; border_color_all=&#8221;#ffffff&#8221; box_shadow_style=&#8221;preset1&#8243; z_index__hover_enabled=&#8221;on|hover&#8221; z_index__hover=&#8221;500&#8243;]<p>Rufen Sie uns jetzt unter 06.59.99.56.63 an<\/p>[\/et_pb_text][\/et_pb_column][et_pb_column type=&#8221;1_5&#8243; _builder_version=&#8221;4.3.4&#8243;][\/et_pb_column][\/et_pb_row][\/et_pb_section][et_pb_section fb_built=&#8221;1&#8243; admin_label=&#8221;Related Services&#8221; _builder_version=&#8221;3.22&#8243; background_color=&#8221;#f7f7f7&#8243;][et_pb_row column_structure=&#8221;3_5,2_5&#8243; _builder_version=&#8221;4.0.6&#8243; border_radii=&#8221;on|1px|1px|1px|1px&#8221;][et_pb_column type=&#8221;3_5&#8243; _builder_version=&#8221;4.0.6&#8243;][et_pb_text _builder_version=&#8221;4.0.6&#8243; text_font=&#8221;Lato||||||||&#8221; text_font_size=&#8221;16px&#8221; text_line_height=&#8221;1.8em&#8221; header_2_font=&#8221;Rubik||||||||&#8221; header_2_font_size=&#8221;30px&#8221; header_2_line_height=&#8221;2em&#8221;]<h2>Die Rolle eines handwerklichen Malers in Stra\u00dfburg<\/h2>\n<p>Die Lackierung ist die Grundlage jeder Renovierung, egal ob es sich um eine Auffrischung oder eine globale Renovierung handelt. Unsere Handwerker von ZENITY DESIGN sind da, um dank ihrer Erfahrung und unserer 100% garantierten Produkte die beste Qualit\u00e4t zu gew\u00e4hrleisten. Wir arbeiten immer mit Farben. Gro\u00dfe Marken wie TOLLENS oder SEIGNEURIE. Zenity Design begleitet Sie bei der Auswahl Ihrer Farbe, beginnend mit der Farbe und dem Finish (matt, gl\u00e4nzend, satiniert, waschbar). Diese Auswahl ist sehr entscheidend, da wir je nach Teil eine spezielle Art von Farbe auftragen, zum Beispiel in In Badezimmern und Nassr\u00e4umen m\u00fcssen wir eine wasserfeste Farbe auftragen, mit der wir die W\u00e4nde reinigen k\u00f6nnen. An den Decken tragen wir matte Farbe auf, um eine bessere Wiedergabe und ein besseres Finish zu erzielen.<\/p>[\/et_pb_text][\/et_pb_column][et_pb_column type=&#8221;2_5&#8243; _builder_version=&#8221;4.0.6&#8243; custom_padding=&#8221;||||false|false&#8221; box_shadow_style=&#8221;preset2&#8243;][et_pb_image src=&#8221;https:\/\/zenity-design-renovation.fr\/wp-content\/uploads\/2019\/11\/Zenity-Design-Renovation-artisan-peintre-strasbourg.jpg&#8221; _builder_version=&#8221;4.0.6&#8243;][\/et_pb_image][\/et_pb_column][\/et_pb_row][et_pb_row _builder_version=&#8221;4.0.6&#8243; custom_margin=&#8221;0px||||false|false&#8221; custom_padding=&#8221;0px||||false|false&#8221;][et_pb_column type=&#8221;4_4&#8243; _builder_version=&#8221;4.0.6&#8243;][et_pb_text _builder_version=&#8221;4.0.6&#8243; text_font=&#8221;Lato||||||||&#8221; text_font_size=&#8221;16px&#8221; text_line_height=&#8221;1.8em&#8221;]<p>Diese Wahl wird besonders durch den Grad der Leuchtkraft im Raum beeinflusst. Wenn Ihre W\u00e4nde M\u00e4ngel oder Unregelm\u00e4\u00dfigkeiten aufweisen, k\u00f6nnen wir eine F\u00fcllfarbe verwenden. Sobald diese aufgetragen ist, k\u00f6nnen die M\u00e4ngel gef\u00fcllt werden. Wenn dies nicht ausreicht, f\u00fcllen wir die M\u00e4ngel mit Gips aus .<\/p>\n<p>Die Wahl der Farbe ist ein wichtiges Element der Atmosph\u00e4re, die Sie Ihrem Zimmer verleihen m\u00f6chten: moderne, gem\u00fctliche, rustikale Atmosph\u00e4re, industrielles Loft usw. Wir k\u00f6nnen diesen Wandverkleidungen wie Tapeten hinzuf\u00fcgen, die seit einiger Zeit in Mode sind und von einer gro\u00dfen Anzahl von Innenarchitekten verwendet werden, um R\u00e4ume zu behaupten und die W\u00e4nde eines modernen und gestalteten Interieurs zu verkleiden. Die moderne Kunst kann Ihre W\u00e4nde schm\u00fccken. Z\u00f6gern Sie nicht Wenden Sie sich an einen unserer Berater, um Sie bei Ihren Projekten zu unterst\u00fctzen. Wir k\u00f6nnen uns an jede Art von Budget, gr\u00f6\u00dfere Renovierungsarbeiten oder einfache Erfrischungen anpassen. Ein einfacher Anstrich und ein wenig Inszenierung zu Hause reichen manchmal aus, um Ihr Interieur zu modernisieren und dabei wirtschaftlich vern\u00fcnftig zu bleiben. Fordern Sie ein Angebot an.<\/p>[\/et_pb_text][\/et_pb_column][\/et_pb_row][et_pb_row _builder_version=&#8221;4.0.6&#8243;][et_pb_column type=&#8221;4_4&#8243; _builder_version=&#8221;4.0.6&#8243;][et_pb_text _builder_version=&#8221;4.0.6&#8243; text_font=&#8221;Lato||||||||&#8221; text_font_size=&#8221;16px&#8221; text_line_height=&#8221;1.8em&#8221; header_2_font=&#8221;Rubik||||||||&#8221; header_2_font_size=&#8221;30px&#8221; header_2_line_height=&#8221;2em&#8221;]<h2>Warum einen erfahrenen Maler aufsuchen?<\/h2>\n<p>Die Handwerker von Zenity Design sind auch f\u00fcr alle Au\u00dfenanstriche zust\u00e4ndig. Es ist m\u00f6glich, Farbfarben auf Ihre Au\u00dfenw\u00e4nde aufzutragen (gem\u00e4\u00df den \u00f6rtlichen st\u00e4dtebaulichen Bestimmungen). Die Farbe muss schlechtem Wetter und Verschmutzung, Putz, Holzarbeiten oder anderen standhalten k\u00f6nnen anderes Material in Ihrem Haus, unser Unternehmen hat Qualit\u00e4tsprodukte, um sie zu behandeln.<\/p>[\/et_pb_text][\/et_pb_column][\/et_pb_row][et_pb_row _builder_version=&#8221;4.0.6&#8243; custom_margin=&#8221;||0px||false|false&#8221; custom_padding=&#8221;||0px||false|false&#8221;][et_pb_column type=&#8221;4_4&#8243; _builder_version=&#8221;4.0.6&#8243;][et_pb_divider color=&#8221;#0b8270&#8243; divider_weight=&#8221;3px&#8221; _builder_version=&#8221;4.0.6&#8243; width=&#8221;55%&#8221; module_alignment=&#8221;center&#8221; custom_margin=&#8221;1vw||||false|false&#8221;][\/et_pb_divider][\/et_pb_column][\/et_pb_row][et_pb_row column_structure=&#8221;1_5,1_5,1_5,1_5,1_5&#8243; _builder_version=&#8221;4.0.6&#8243; custom_margin=&#8221;3vw||||false|false&#8221;][et_pb_column type=&#8221;1_5&#8243; _builder_version=&#8221;4.0.6&#8243; background_color=&#8221;#0b8270&#8243; border_radii=&#8221;off|||15px|15px&#8221; box_shadow_style=&#8221;preset3&#8243; transform_styles__hover_enabled=&#8221;on|hover&#8221; transform_scale__hover_enabled=&#8221;on|hover&#8221; transform_translate__hover_enabled=&#8221;on|desktop&#8221; transform_rotate__hover_enabled=&#8221;on|desktop&#8221; transform_skew__hover_enabled=&#8221;on|desktop&#8221; transform_origin__hover_enabled=&#8221;on|desktop&#8221; transform_scale__hover=&#8221;105%|105%&#8221;][et_pb_image src=&#8221;https:\/\/zenity-design-renovation.fr\/wp-content\/uploads\/2019\/11\/Zenity-Design-Renovation-artsian-menuisier-strasbourg.jpg&#8221; url=&#8221;https:\/\/zenity-design-renovation.fr\/de\/handwerker-zimmermann-strassburg\/&#8221; _builder_version=&#8221;4.0.6&#8243;][\/et_pb_image][et_pb_text _builder_version=&#8221;4.0.6&#8243; text_font=&#8221;Lato|700|||||||&#8221; text_text_color=&#8221;#ffffff&#8221; text_font_size=&#8221;17px&#8221; background_color=&#8221;#0b8270&#8243; custom_padding=&#8221;||14%||false|false&#8221; link_option_url=&#8221;https:\/\/zenity-design-renovation.fr\/de\/handwerker-zimmermann-strassburg\/&#8221; border_radii=&#8221;off||||10px&#8221;]<p style=\"text-align: center\">Handwerker Zimmermann<\/p>[\/et_pb_text][\/et_pb_column][et_pb_column type=&#8221;1_5&#8243; _builder_version=&#8221;4.0.6&#8243; background_color=&#8221;#0b8270&#8243; border_radii=&#8221;off|||15px|15px&#8221; box_shadow_style=&#8221;preset3&#8243; transform_styles__hover_enabled=&#8221;on|hover&#8221; transform_scale__hover_enabled=&#8221;on|hover&#8221; transform_translate__hover_enabled=&#8221;on|desktop&#8221; transform_rotate__hover_enabled=&#8221;on|desktop&#8221; transform_skew__hover_enabled=&#8221;on|desktop&#8221; transform_origin__hover_enabled=&#8221;on|desktop&#8221; transform_scale__hover=&#8221;105%|105%&#8221;][et_pb_image src=&#8221;https:\/\/zenity-design-renovation.fr\/wp-content\/uploads\/2019\/11\/Zenity-Design-Renovation-artisan-plombier-Strasbourg.jpg&#8221; url=&#8221;https:\/\/zenity-design-renovation.fr\/plombier-strasbourg\/&#8221; _builder_version=&#8221;4.0.6&#8243;][\/et_pb_image][et_pb_text _builder_version=&#8221;4.0.6&#8243; text_font=&#8221;Lato|700|||||||&#8221; text_text_color=&#8221;#ffffff&#8221; text_font_size=&#8221;17px&#8221; background_color=&#8221;#0b8270&#8243; custom_padding=&#8221;||14%||false|false&#8221; link_option_url=&#8221;https:\/\/zenity-design-renovation.fr\/plombier-strasbourg\/&#8221; border_radii=&#8221;off||||10px&#8221;]<p style=\"text-align: center\">Klempner Handwerker<\/p>[\/et_pb_text][\/et_pb_column][et_pb_column type=&#8221;1_5&#8243; _builder_version=&#8221;4.0.6&#8243; background_color=&#8221;#0b8270&#8243; border_radii=&#8221;off|||15px|15px&#8221; box_shadow_style=&#8221;preset3&#8243; transform_styles__hover_enabled=&#8221;on|hover&#8221; transform_scale__hover_enabled=&#8221;on|hover&#8221; transform_translate__hover_enabled=&#8221;on|desktop&#8221; transform_rotate__hover_enabled=&#8221;on|desktop&#8221; transform_skew__hover_enabled=&#8221;on|desktop&#8221; transform_origin__hover_enabled=&#8221;on|desktop&#8221; transform_scale__hover=&#8221;105%|105%&#8221;][et_pb_image src=&#8221;https:\/\/zenity-design-renovation.fr\/wp-content\/uploads\/2019\/11\/Zenity-Design-Renovation-artisan-plaquiste.jpg&#8221; url=&#8221;https:\/\/zenity-design-renovation.fr\/plaquiste-strasbourg\/&#8221; _builder_version=&#8221;4.0.6&#8243;][\/et_pb_image][et_pb_text _builder_version=&#8221;4.0.6&#8243; text_font=&#8221;Lato|700|||||||&#8221; text_text_color=&#8221;#ffffff&#8221; text_font_size=&#8221;17px&#8221; background_color=&#8221;#0b8270&#8243; custom_padding=&#8221;||14%||false|false&#8221; link_option_url=&#8221;https:\/\/zenity-design-renovation.fr\/plaquiste-strasbourg\/&#8221; border_radii=&#8221;off||||10px&#8221;]<p style=\"text-align: center\">Trockenbau Handwerker<\/p>[\/et_pb_text][\/et_pb_column][et_pb_column type=&#8221;1_5&#8243; _builder_version=&#8221;4.0.6&#8243; background_color=&#8221;#0b8270&#8243; border_radii=&#8221;off|||15px|15px&#8221; box_shadow_style=&#8221;preset3&#8243; transform_styles__hover_enabled=&#8221;on|hover&#8221; transform_scale__hover_enabled=&#8221;on|hover&#8221; transform_translate__hover_enabled=&#8221;on|desktop&#8221; transform_rotate__hover_enabled=&#8221;on|desktop&#8221; transform_skew__hover_enabled=&#8221;on|desktop&#8221; transform_origin__hover_enabled=&#8221;on|desktop&#8221; transform_scale__hover=&#8221;105%|105%&#8221;][et_pb_image src=&#8221;https:\/\/zenity-design-renovation.fr\/wp-content\/uploads\/2019\/11\/Zenity-Design-Renovation-artisan-carreleur-Strasbourg-1.jpg&#8221; url=&#8221;https:\/\/zenity-design-renovation.fr\/de\/strassburger-fliesenleger\/&#8221; _builder_version=&#8221;4.0.6&#8243;][\/et_pb_image][et_pb_text _builder_version=&#8221;4.0.6&#8243; text_font=&#8221;Lato|700|||||||&#8221; text_text_color=&#8221;#ffffff&#8221; text_font_size=&#8221;17px&#8221; background_color=&#8221;#0b8270&#8243; custom_padding=&#8221;||14%||false|false&#8221; link_option_url=&#8221;https:\/\/zenity-design-renovation.fr\/de\/strassburger-fliesenleger\/&#8221; border_radii=&#8221;off||||10px&#8221;]<p style=\"text-align: center\">Fliesenleger<\/p>[\/et_pb_text][\/et_pb_column][et_pb_column type=&#8221;1_5&#8243; _builder_version=&#8221;4.0.6&#8243; background_color=&#8221;#0b8270&#8243; border_radii=&#8221;off|||15px|15px&#8221; box_shadow_style=&#8221;preset3&#8243; transform_styles__hover_enabled=&#8221;on|hover&#8221; transform_scale__hover_enabled=&#8221;on|hover&#8221; transform_translate__hover_enabled=&#8221;on|desktop&#8221; transform_rotate__hover_enabled=&#8221;on|desktop&#8221; transform_skew__hover_enabled=&#8221;on|desktop&#8221; transform_origin__hover_enabled=&#8221;on|desktop&#8221; transform_scale__hover=&#8221;105%|105%&#8221;][et_pb_image src=&#8221;https:\/\/zenity-design-renovation.fr\/wp-content\/uploads\/2019\/11\/Zenity-Design-Renovation-artisan-\u00e9lectricien-Strasbourg.jpg&#8221; url=&#8221;https:\/\/zenity-design-renovation.fr\/de\/elektriker-handwerker-strassburg\/&#8221; _builder_version=&#8221;4.0.6&#8243;][\/et_pb_image][et_pb_text _builder_version=&#8221;4.0.6&#8243; text_font=&#8221;Lato|700|||||||&#8221; text_text_color=&#8221;#ffffff&#8221; text_font_size=&#8221;17px&#8221; background_color=&#8221;#0b8270&#8243; custom_padding=&#8221;||14%||false|false&#8221; link_option_url=&#8221;https:\/\/zenity-design-renovation.fr\/de\/elektriker-handwerker-strassburg\/&#8221; border_radii=&#8221;off||||10px&#8221;]<p style=\"text-align: center\">Elektriker Handwerker<\/p>[\/et_pb_text][\/et_pb_column][\/et_pb_row][\/et_pb_section]\n","protected":false},"excerpt":{"rendered":"<p>Maler in Stra\u00dfburgDank der von Zenity Design zertifizierten Handwerker bleibt kein Problem ungel\u00f6st. Entdecken Sie unsere zertifizierten Maler in Stra\u00dfburg.Rufen Sie uns jetzt unter 06.59.99.56.63 anDie Rolle eines handwerklichen Malers in Stra\u00dfburg Die Lackierung ist die Grundlage jeder Renovierung, egal ob es sich um eine Auffrischung oder eine globale Renovierung handelt. Unsere Handwerker von ZENITY [&hellip;]<\/p>\n","protected":false},"author":1,"featured_media":0,"parent":0,"menu_order":0,"comment_status":"closed","ping_status":"closed","template":"","meta":{"_et_pb_use_builder":"on","_et_pb_old_content":"","_et_gb_content_width":"","footnotes":""},"class_list":["post-1584","page","type-page","status-publish","hentry"],"yoast_head":"<!-- This site is optimized with the Yoast SEO plugin v27.6 - https:\/\/yoast.com\/product\/yoast-seo-wordpress\/ -->\n<title>Handwerker Maler Stra\u00dfburg - Zenity Design Renovation<\/title>\n<meta name=\"description\" content=\"Entdecken Sie dank Zenity Design Renovation die besten Maler in Stra\u00dfburg. Wir versorgen Sie mit Malern in Stra\u00dfburg.\" \/>\n<meta name=\"robots\" content=\"index, follow, max-snippet:-1, max-image-preview:large, max-video-preview:-1\" \/>\n<link rel=\"canonical\" href=\"https:\/\/zenity-design-renovation.fr\/peintre-strasbourg\/\" \/>\n<meta property=\"og:locale\" content=\"de_DE\" \/>\n<meta property=\"og:type\" content=\"article\" \/>\n<meta property=\"og:title\" content=\"Handwerker Maler Stra\u00dfburg - Zenity Design Renovation\" \/>\n<meta property=\"og:description\" content=\"Entdecken Sie dank Zenity Design Renovation die besten Maler in Stra\u00dfburg. Wir versorgen Sie mit Malern in Stra\u00dfburg.\" \/>\n<meta property=\"og:url\" content=\"https:\/\/zenity-design-renovation.fr\/peintre-strasbourg\/\" \/>\n<meta property=\"og:site_name\" content=\"Zenity Design Renovation\" \/>\n<meta property=\"article:modified_time\" content=\"2021-05-11T13:03:49+00:00\" \/>\n<meta name=\"twitter:card\" content=\"summary_large_image\" \/>\n<meta name=\"twitter:label1\" content=\"Est. reading time\" \/>\n\t<meta name=\"twitter:data1\" content=\"10 minutes\" \/>\n<script type=\"application\/ld+json\" class=\"yoast-schema-graph\">{\"@context\":\"https:\\\/\\\/schema.org\",\"@graph\":[{\"@type\":\"WebPage\",\"@id\":\"https:\\\/\\\/zenity-design-renovation.fr\\\/peintre-strasbourg\\\/\",\"url\":\"https:\\\/\\\/zenity-design-renovation.fr\\\/peintre-strasbourg\\\/\",\"name\":\"Handwerker Maler Stra\u00dfburg - Zenity Design Renovation\",\"isPartOf\":{\"@id\":\"https:\\\/\\\/zenity-design-renovation.fr\\\/#website\"},\"datePublished\":\"2021-05-11T13:03:43+00:00\",\"dateModified\":\"2021-05-11T13:03:49+00:00\",\"description\":\"Entdecken Sie dank Zenity Design Renovation die besten Maler in Stra\u00dfburg. Wir versorgen Sie mit Malern in Stra\u00dfburg.\",\"breadcrumb\":{\"@id\":\"https:\\\/\\\/zenity-design-renovation.fr\\\/peintre-strasbourg\\\/#breadcrumb\"},\"inLanguage\":\"de-DE\",\"potentialAction\":[{\"@type\":\"ReadAction\",\"target\":[\"https:\\\/\\\/zenity-design-renovation.fr\\\/peintre-strasbourg\\\/\"]}]},{\"@type\":\"BreadcrumbList\",\"@id\":\"https:\\\/\\\/zenity-design-renovation.fr\\\/peintre-strasbourg\\\/#breadcrumb\",\"itemListElement\":[{\"@type\":\"ListItem\",\"position\":1,\"name\":\"Accueil\",\"item\":\"https:\\\/\\\/zenity-design-renovation.fr\\\/\"},{\"@type\":\"ListItem\",\"position\":2,\"name\":\"Handwerker Maler Stra\u00dfburg\"}]},{\"@type\":\"WebSite\",\"@id\":\"https:\\\/\\\/zenity-design-renovation.fr\\\/#website\",\"url\":\"https:\\\/\\\/zenity-design-renovation.fr\\\/\",\"name\":\"Zenity Design Renovation\",\"description\":\"Design et r\u00e9novation en toute s\u00e9r\u00e9nit\u00e9.\",\"potentialAction\":[{\"@type\":\"SearchAction\",\"target\":{\"@type\":\"EntryPoint\",\"urlTemplate\":\"https:\\\/\\\/zenity-design-renovation.fr\\\/?s={search_term_string}\"},\"query-input\":{\"@type\":\"PropertyValueSpecification\",\"valueRequired\":true,\"valueName\":\"search_term_string\"}}],\"inLanguage\":\"de-DE\"}]}<\/script>\n<!-- \/ Yoast SEO plugin. -->","yoast_head_json":{"title":"Handwerker Maler Stra\u00dfburg - Zenity Design Renovation","description":"Entdecken Sie dank Zenity Design Renovation die besten Maler in Stra\u00dfburg. Wir versorgen Sie mit Malern in Stra\u00dfburg.","robots":{"index":"index","follow":"follow","max-snippet":"max-snippet:-1","max-image-preview":"max-image-preview:large","max-video-preview":"max-video-preview:-1"},"canonical":"https:\/\/zenity-design-renovation.fr\/peintre-strasbourg\/","og_locale":"de_DE","og_type":"article","og_title":"Handwerker Maler Stra\u00dfburg - Zenity Design Renovation","og_description":"Entdecken Sie dank Zenity Design Renovation die besten Maler in Stra\u00dfburg. Wir versorgen Sie mit Malern in Stra\u00dfburg.","og_url":"https:\/\/zenity-design-renovation.fr\/peintre-strasbourg\/","og_site_name":"Zenity Design Renovation","article_modified_time":"2021-05-11T13:03:49+00:00","twitter_card":"summary_large_image","twitter_misc":{"Est. reading time":"10 minutes"},"schema":{"@context":"https:\/\/schema.org","@graph":[{"@type":"WebPage","@id":"https:\/\/zenity-design-renovation.fr\/peintre-strasbourg\/","url":"https:\/\/zenity-design-renovation.fr\/peintre-strasbourg\/","name":"Handwerker Maler Stra\u00dfburg - Zenity Design Renovation","isPartOf":{"@id":"https:\/\/zenity-design-renovation.fr\/#website"},"datePublished":"2021-05-11T13:03:43+00:00","dateModified":"2021-05-11T13:03:49+00:00","description":"Entdecken Sie dank Zenity Design Renovation die besten Maler in Stra\u00dfburg. Wir versorgen Sie mit Malern in Stra\u00dfburg.","breadcrumb":{"@id":"https:\/\/zenity-design-renovation.fr\/peintre-strasbourg\/#breadcrumb"},"inLanguage":"de-DE","potentialAction":[{"@type":"ReadAction","target":["https:\/\/zenity-design-renovation.fr\/peintre-strasbourg\/"]}]},{"@type":"BreadcrumbList","@id":"https:\/\/zenity-design-renovation.fr\/peintre-strasbourg\/#breadcrumb","itemListElement":[{"@type":"ListItem","position":1,"name":"Accueil","item":"https:\/\/zenity-design-renovation.fr\/"},{"@type":"ListItem","position":2,"name":"Handwerker Maler Stra\u00dfburg"}]},{"@type":"WebSite","@id":"https:\/\/zenity-design-renovation.fr\/#website","url":"https:\/\/zenity-design-renovation.fr\/","name":"Zenity Design Renovation","description":"Design et r\u00e9novation en toute s\u00e9r\u00e9nit\u00e9.","potentialAction":[{"@type":"SearchAction","target":{"@type":"EntryPoint","urlTemplate":"https:\/\/zenity-design-renovation.fr\/?s={search_term_string}"},"query-input":{"@type":"PropertyValueSpecification","valueRequired":true,"valueName":"search_term_string"}}],"inLanguage":"de-DE"}]}},"_links":{"self":[{"href":"https:\/\/zenity-design-renovation.fr\/de\/wp-json\/wp\/v2\/pages\/1584","targetHints":{"allow":["GET"]}}],"collection":[{"href":"https:\/\/zenity-design-renovation.fr\/de\/wp-json\/wp\/v2\/pages"}],"about":[{"href":"https:\/\/zenity-design-renovation.fr\/de\/wp-json\/wp\/v2\/types\/page"}],"author":[{"embeddable":true,"href":"https:\/\/zenity-design-renovation.fr\/de\/wp-json\/wp\/v2\/users\/1"}],"replies":[{"embeddable":true,"href":"https:\/\/zenity-design-renovation.fr\/de\/wp-json\/wp\/v2\/comments?post=1584"}],"version-history":[{"count":4,"href":"https:\/\/zenity-design-renovation.fr\/de\/wp-json\/wp\/v2\/pages\/1584\/revisions"}],"predecessor-version":[{"id":1588,"href":"https:\/\/zenity-design-renovation.fr\/de\/wp-json\/wp\/v2\/pages\/1584\/revisions\/1588"}],"wp:attachment":[{"href":"https:\/\/zenity-design-renovation.fr\/de\/wp-json\/wp\/v2\/media?parent=1584"}],"curies":[{"name":"wp","href":"https:\/\/api.w.org\/{rel}","templated":true}]}}