{"id":1648,"date":"2021-05-11T15:11:17","date_gmt":"2021-05-11T13:11:17","guid":{"rendered":"https:\/\/zenity-design-renovation.fr\/impressum\/"},"modified":"2021-05-11T15:11:20","modified_gmt":"2021-05-11T13:11:20","slug":"impressum","status":"publish","type":"page","link":"https:\/\/zenity-design-renovation.fr\/de\/impressum\/","title":{"rendered":"Impressum"},"content":{"rendered":"\n[et_pb_section fb_built=&#8221;1&#8243; _builder_version=&#8221;4.0.2&#8243;][et_pb_row _builder_version=&#8221;4.0.2&#8243;][et_pb_column type=&#8221;4_4&#8243; _builder_version=&#8221;4.0.2&#8243;][et_pb_text _builder_version=&#8221;4.0.3&#8243; hover_enabled=&#8221;0&#8243;]<p>SITE EDITOR<\/p>\n<p>Die Website zenity-design-renovation.fr ist Eigentum der Firma Zenity Design Renovation.<\/p>\n<p>Hauptsitz: BLANK<\/p>\n<p>Hauptstadt: BLANK<\/p>\n<p>Gemeinschaftsinterne Mehrwertsteuer: BLANK<\/p>\n<p>RCS: BLANK<\/p>\n<p>SIRET: BLANK<\/p>\n<p>Telefon: BLANK<\/p>\n<p>E-Mail: BLANK<\/p>\n<p>Gr\u00fcnder: BLANK<\/p>\n<p>Publikationsdirektor: BLANK<\/p>\n<p>SITE HOST<\/p>\n<p>Firma: OVH<\/p>\n<p>Hauptsitz: 2 rue Kellermann &#8211; 59100 Roubaix &#8211; Frankreich<\/p>\n<p>Telefon: 09.72.10.10.10<\/p>\n<p>Datenschutzrichtlinie f\u00fcr personenbezogene Daten<\/p>\n<p>Diese Website und die daraus resultierende Verarbeitung personenbezogener Daten wurden der CNIL gemeldet. Gem\u00e4\u00df Artikel 3 des Gesetzes \u201eInformatique et Libert\u00e9s\u201c vom 6. Januar 1978 haben Sie das Recht, auf Sie betreffende personenbezogene Daten zuzugreifen, diese zu \u00e4ndern, zu korrigieren und zu l\u00f6schen. Sie k\u00f6nnen dieses Recht durch einfache Anfrage per E-Mail oder per Post aus\u00fcben.<\/p>\n<p>Kekse :<\/p>\n<p>Um Informationen dar\u00fcber zu erhalten, wie Internetnutzer unsere Website nutzen (Statistiken), verwenden wir L\u00f6sungen wie Google Analytics. Um zu funktionieren, platzieren diese L\u00f6sungen Cookies und sammeln Informationen, die sie dann auf ihren Servern speichern. Einige Cookies sind permanent und erm\u00f6glichen es dem Besucher, bei einem sp\u00e4teren Besuch auf der Website identifiziert zu werden, andere verfallen zwischen 15 und 30 Tagen.<\/p>\n<p>In Kombination mit anderen von diesen Unternehmen angebotenen Diensten, insbesondere f\u00fcr den Fall, dass wir pers\u00f6nliche Informationen wie Ihren Namen, Ihre E-Mail-Adresse oder Ihren Firmennamen gesammelt haben, k\u00f6nnen wir all diese Informationen zusammenf\u00fchren, um Ihnen eine bessere Navigation zu erm\u00f6glichen. Diese Unternehmen erkl\u00e4ren sich ausdr\u00fccklich damit einverstanden, Ihre Daten ohne Ihre ausdr\u00fcckliche Zustimmung nicht an Dritte weiterzugeben, es sei denn, dies ist gesetzlich vorgeschrieben. Diese Software verpflichtet sich auch, diese Informationen nicht mit ihren Diensten zu konsolidieren, die Sie direkt von sich selbst oder \u00fcber andere Unternehmen, die ihre Dienste nutzen w\u00fcrden, nutzen k\u00f6nnten.<\/p>\n<p>Sie k\u00f6nnen Cookies einfach deaktivieren, indem Sie die Eigenschaften Ihres Browsers \u00e4ndern oder das private Surfen verwenden. Sie k\u00f6nnen sie auch l\u00f6schen.<\/p>\n<p>Inhalt der Website und geistiges Eigentum<\/p>\n<p>Die auf zenity-design-renovation.fr bereitgestellten Informationen dienen zu Informationszwecken.<\/p>\n<p>Zenity kann die Richtigkeit, Vollst\u00e4ndigkeit und Aktualit\u00e4t der auf der Website ver\u00f6ffentlichten Informationen nicht garantieren. Die Informationen auf dieser Website k\u00f6nnen technische Ungenauigkeiten oder typografische Fehler enthalten. Diese Informationen k\u00f6nnen regelm\u00e4\u00dfig ge\u00e4ndert werden und die \u00c4nderungen werden in neue Ausgaben aufgenommen. Zenity kann jederzeit ohne vorherige Ank\u00fcndigung Verbesserungen oder \u00c4nderungen an den auf dieser Website beschriebenen Produkten, Programmen oder Dienstleistungen vornehmen.<\/p>\n<p>Jegliche Vervielf\u00e4ltigung, Darstellung, \u00c4nderung, Ver\u00f6ffentlichung, \u00dcbertragung, Verf\u00e4lschung, vollst\u00e4ndige oder teilweise Darstellung der Website oder ihres Inhalts auf irgendeine Weise und auf irgendeinem Medium ist verboten. Jede nicht autorisierte Nutzung der Website oder ihres Inhalts sowie der darin offengelegten Informationen w\u00fcrde in die Verantwortung des Benutzers fallen und einen Versto\u00df darstellen, der mit den Artikeln L 335-2 und den Bestimmungen des Kodex f\u00fcr geistiges Eigentum geahndet werden kann. Gleiches gilt f\u00fcr die Datenbanken, die gegebenenfalls auf der Website zenity-design-renovation.fr erscheinen und durch die Bestimmungen des Gesetzes vom 1. Juli 1998 gesch\u00fctzt sind, das in den Kodex f\u00fcr geistiges Eigentum der Europ\u00e4ischen Richtlinie vom 11. M\u00e4rz umgesetzt wird , 1996 \u00fcber den rechtlichen Schutz von Datenbanken. Daher w\u00fcrde jede Reproduktion oder Extraktion die Verantwortung des Benutzers \u00fcbernehmen.<\/p>\n<p>Die Website zenity-design-renovation.fr bietet \u00fcber Hypertext-Links Zugriff auf andere Websites.<\/p>\n<p>Diese Website verwendet Cookies &#8211; kleine Textdateien, die auf Ihrem Computer abgelegt werden, um der Website eine bessere Benutzererfahrung zu bieten. Im Allgemeinen werden Cookies verwendet, um Benutzereinstellungen beizubehalten, Informationen f\u00fcr beispielsweise Einkaufswagen zu speichern und anonymisierte Tracking-Daten f\u00fcr Anwendungen von Drittanbietern wie Google Analytics bereitzustellen. Im Allgemeinen verbessern Cookies Ihr Surferlebnis. M\u00f6glicherweise m\u00f6chten Sie jedoch Cookies auf dieser und anderen Websites deaktivieren. Am effektivsten ist es, Cookies in Ihrem Browser zu deaktivieren. Wir empfehlen, den Hilfebereich Ihres Browsers zu konsultieren oder die Website &#8220;\u00dcber Cookies&#8221; zu besuchen, die Anleitungen f\u00fcr alle modernen Browser bietet.<\/p>\n[\/et_pb_text][\/et_pb_column][\/et_pb_row][\/et_pb_section]\n","protected":false},"excerpt":{"rendered":"<p>SITE EDITOR Die Website zenity-design-renovation.fr ist Eigentum der Firma Zenity Design Renovation. Hauptsitz: BLANK Hauptstadt: BLANK Gemeinschaftsinterne Mehrwertsteuer: BLANK RCS: BLANK SIRET: BLANK Telefon: BLANK E-Mail: BLANK Gr\u00fcnder: BLANK Publikationsdirektor: BLANK SITE HOST Firma: OVH Hauptsitz: 2 rue Kellermann &#8211; 59100 Roubaix &#8211; Frankreich Telefon: 09.72.10.10.10 Datenschutzrichtlinie f\u00fcr personenbezogene Daten Diese Website und die daraus [&hellip;]<\/p>\n","protected":false},"author":1,"featured_media":0,"parent":0,"menu_order":0,"comment_status":"closed","ping_status":"closed","template":"","meta":{"_et_pb_use_builder":"on","_et_pb_old_content":"","_et_gb_content_width":"","footnotes":""},"class_list":["post-1648","page","type-page","status-publish","hentry"],"yoast_head":"<!-- This site is optimized with the Yoast SEO plugin v27.5 - https:\/\/yoast.com\/product\/yoast-seo-wordpress\/ -->\n<title>Impressum - Zenity Design Renovation<\/title>\n<meta name=\"robots\" content=\"index, follow, max-snippet:-1, max-image-preview:large, max-video-preview:-1\" \/>\n<link rel=\"canonical\" href=\"https:\/\/zenity-design-renovation.fr\/mentions-legales\/\" \/>\n<meta property=\"og:locale\" content=\"de_DE\" \/>\n<meta property=\"og:type\" content=\"article\" \/>\n<meta property=\"og:title\" content=\"Impressum - Zenity Design Renovation\" \/>\n<meta property=\"og:description\" content=\"SITE EDITOR Die Website zenity-design-renovation.fr ist Eigentum der Firma Zenity Design Renovation. Hauptsitz: BLANK Hauptstadt: BLANK Gemeinschaftsinterne Mehrwertsteuer: BLANK RCS: BLANK SIRET: BLANK Telefon: BLANK E-Mail: BLANK Gr\u00fcnder: BLANK Publikationsdirektor: BLANK SITE HOST Firma: OVH Hauptsitz: 2 rue Kellermann - 59100 Roubaix - Frankreich Telefon: 09.72.10.10.10 Datenschutzrichtlinie f\u00fcr personenbezogene Daten Diese Website und die daraus [&hellip;]\" \/>\n<meta property=\"og:url\" content=\"https:\/\/zenity-design-renovation.fr\/mentions-legales\/\" \/>\n<meta property=\"og:site_name\" content=\"Zenity Design Renovation\" \/>\n<meta property=\"article:modified_time\" content=\"2021-05-11T13:11:20+00:00\" \/>\n<meta name=\"twitter:card\" content=\"summary_large_image\" \/>\n<meta name=\"twitter:label1\" content=\"Est. reading time\" \/>\n\t<meta name=\"twitter:data1\" content=\"3 minutes\" \/>\n<script type=\"application\/ld+json\" class=\"yoast-schema-graph\">{\"@context\":\"https:\\\/\\\/schema.org\",\"@graph\":[{\"@type\":\"WebPage\",\"@id\":\"https:\\\/\\\/zenity-design-renovation.fr\\\/mentions-legales\\\/\",\"url\":\"https:\\\/\\\/zenity-design-renovation.fr\\\/mentions-legales\\\/\",\"name\":\"Impressum - Zenity Design Renovation\",\"isPartOf\":{\"@id\":\"https:\\\/\\\/zenity-design-renovation.fr\\\/#website\"},\"datePublished\":\"2021-05-11T13:11:17+00:00\",\"dateModified\":\"2021-05-11T13:11:20+00:00\",\"breadcrumb\":{\"@id\":\"https:\\\/\\\/zenity-design-renovation.fr\\\/mentions-legales\\\/#breadcrumb\"},\"inLanguage\":\"de-DE\",\"potentialAction\":[{\"@type\":\"ReadAction\",\"target\":[\"https:\\\/\\\/zenity-design-renovation.fr\\\/mentions-legales\\\/\"]}]},{\"@type\":\"BreadcrumbList\",\"@id\":\"https:\\\/\\\/zenity-design-renovation.fr\\\/mentions-legales\\\/#breadcrumb\",\"itemListElement\":[{\"@type\":\"ListItem\",\"position\":1,\"name\":\"Accueil\",\"item\":\"https:\\\/\\\/zenity-design-renovation.fr\\\/\"},{\"@type\":\"ListItem\",\"position\":2,\"name\":\"Impressum\"}]},{\"@type\":\"WebSite\",\"@id\":\"https:\\\/\\\/zenity-design-renovation.fr\\\/#website\",\"url\":\"https:\\\/\\\/zenity-design-renovation.fr\\\/\",\"name\":\"Zenity Design Renovation\",\"description\":\"Design et r\u00e9novation en toute s\u00e9r\u00e9nit\u00e9.\",\"potentialAction\":[{\"@type\":\"SearchAction\",\"target\":{\"@type\":\"EntryPoint\",\"urlTemplate\":\"https:\\\/\\\/zenity-design-renovation.fr\\\/?s={search_term_string}\"},\"query-input\":{\"@type\":\"PropertyValueSpecification\",\"valueRequired\":true,\"valueName\":\"search_term_string\"}}],\"inLanguage\":\"de-DE\"}]}<\/script>\n<!-- \/ Yoast SEO plugin. -->","yoast_head_json":{"title":"Impressum - Zenity Design Renovation","robots":{"index":"index","follow":"follow","max-snippet":"max-snippet:-1","max-image-preview":"max-image-preview:large","max-video-preview":"max-video-preview:-1"},"canonical":"https:\/\/zenity-design-renovation.fr\/mentions-legales\/","og_locale":"de_DE","og_type":"article","og_title":"Impressum - Zenity Design Renovation","og_description":"SITE EDITOR Die Website zenity-design-renovation.fr ist Eigentum der Firma Zenity Design Renovation. Hauptsitz: BLANK Hauptstadt: BLANK Gemeinschaftsinterne Mehrwertsteuer: BLANK RCS: BLANK SIRET: BLANK Telefon: BLANK E-Mail: BLANK Gr\u00fcnder: BLANK Publikationsdirektor: BLANK SITE HOST Firma: OVH Hauptsitz: 2 rue Kellermann - 59100 Roubaix - Frankreich Telefon: 09.72.10.10.10 Datenschutzrichtlinie f\u00fcr personenbezogene Daten Diese Website und die daraus [&hellip;]","og_url":"https:\/\/zenity-design-renovation.fr\/mentions-legales\/","og_site_name":"Zenity Design Renovation","article_modified_time":"2021-05-11T13:11:20+00:00","twitter_card":"summary_large_image","twitter_misc":{"Est. reading time":"3 minutes"},"schema":{"@context":"https:\/\/schema.org","@graph":[{"@type":"WebPage","@id":"https:\/\/zenity-design-renovation.fr\/mentions-legales\/","url":"https:\/\/zenity-design-renovation.fr\/mentions-legales\/","name":"Impressum - Zenity Design Renovation","isPartOf":{"@id":"https:\/\/zenity-design-renovation.fr\/#website"},"datePublished":"2021-05-11T13:11:17+00:00","dateModified":"2021-05-11T13:11:20+00:00","breadcrumb":{"@id":"https:\/\/zenity-design-renovation.fr\/mentions-legales\/#breadcrumb"},"inLanguage":"de-DE","potentialAction":[{"@type":"ReadAction","target":["https:\/\/zenity-design-renovation.fr\/mentions-legales\/"]}]},{"@type":"BreadcrumbList","@id":"https:\/\/zenity-design-renovation.fr\/mentions-legales\/#breadcrumb","itemListElement":[{"@type":"ListItem","position":1,"name":"Accueil","item":"https:\/\/zenity-design-renovation.fr\/"},{"@type":"ListItem","position":2,"name":"Impressum"}]},{"@type":"WebSite","@id":"https:\/\/zenity-design-renovation.fr\/#website","url":"https:\/\/zenity-design-renovation.fr\/","name":"Zenity Design Renovation","description":"Design et r\u00e9novation en toute s\u00e9r\u00e9nit\u00e9.","potentialAction":[{"@type":"SearchAction","target":{"@type":"EntryPoint","urlTemplate":"https:\/\/zenity-design-renovation.fr\/?s={search_term_string}"},"query-input":{"@type":"PropertyValueSpecification","valueRequired":true,"valueName":"search_term_string"}}],"inLanguage":"de-DE"}]}},"_links":{"self":[{"href":"https:\/\/zenity-design-renovation.fr\/de\/wp-json\/wp\/v2\/pages\/1648","targetHints":{"allow":["GET"]}}],"collection":[{"href":"https:\/\/zenity-design-renovation.fr\/de\/wp-json\/wp\/v2\/pages"}],"about":[{"href":"https:\/\/zenity-design-renovation.fr\/de\/wp-json\/wp\/v2\/types\/page"}],"author":[{"embeddable":true,"href":"https:\/\/zenity-design-renovation.fr\/de\/wp-json\/wp\/v2\/users\/1"}],"replies":[{"embeddable":true,"href":"https:\/\/zenity-design-renovation.fr\/de\/wp-json\/wp\/v2\/comments?post=1648"}],"version-history":[{"count":5,"href":"https:\/\/zenity-design-renovation.fr\/de\/wp-json\/wp\/v2\/pages\/1648\/revisions"}],"predecessor-version":[{"id":1653,"href":"https:\/\/zenity-design-renovation.fr\/de\/wp-json\/wp\/v2\/pages\/1648\/revisions\/1653"}],"wp:attachment":[{"href":"https:\/\/zenity-design-renovation.fr\/de\/wp-json\/wp\/v2\/media?parent=1648"}],"curies":[{"name":"wp","href":"https:\/\/api.w.org\/{rel}","templated":true}]}}