{"id":1654,"date":"2021-05-11T15:11:38","date_gmt":"2021-05-11T13:11:38","guid":{"rendered":"https:\/\/zenity-design-renovation.fr\/datenschutz-bestimmungen\/"},"modified":"2021-05-11T15:11:39","modified_gmt":"2021-05-11T13:11:39","slug":"datenschutz-bestimmungen","status":"publish","type":"page","link":"https:\/\/zenity-design-renovation.fr\/de\/datenschutz-bestimmungen\/","title":{"rendered":"Datenschutz-Bestimmungen"},"content":{"rendered":"\n<h2 class=\"wp-block-heading\">Wer sind wir ?<\/h2>\n\n<p>Unsere Website-Adresse lautet: https:\/\/zenity-design-renovation.fr.<\/p>\n\n<h2 class=\"wp-block-heading\">Verwendung der erhobenen personenbezogenen Daten<\/h2>\n\n<h3 class=\"wp-block-heading\">Bemerkungen<\/h3>\n\n<p>Wenn Sie einen Kommentar auf unserer Website hinterlassen, werden die im Kommentarformular eingegebenen Daten sowie Ihre IP-Adresse und der Benutzeragent Ihres Browsers erfasst, damit wir unerw\u00fcnschte Kommentare erkennen k\u00f6nnen.<\/p>\n\n<p>Ein anonymisierter Kanal, der aus Ihrer E-Mail-Adresse erstellt wurde (auch als Hash bezeichnet), kann an den Gravatar-Dienst gesendet werden, um zu \u00fcberpr\u00fcfen, ob Sie den Dienst nutzen. Die Vertraulichkeitsklauseln f\u00fcr Gravatar-Dienste finden Sie hier: https:\/\/automattic.com\/privacy\/. Nach der Validierung Ihres Kommentars wird Ihr Profilbild neben Ihrem Kommentar \u00f6ffentlich sichtbar.<\/p>\n\n<h3 class=\"wp-block-heading\">Medien<\/h3>\n\n<p>Wenn Sie ein registrierter Benutzer sind und Bilder auf die Website hochladen, empfehlen wir, das Hochladen von Bildern mit EXIF-GPS-Koordinatendaten zu vermeiden. Besucher Ihrer Website k\u00f6nnen Standortdaten von diesen Bildern herunterladen und extrahieren.<\/p>\n\n<h3 class=\"wp-block-heading\">Kontaktformulare<\/h3>\n\n<h3 class=\"wp-block-heading\">Kekse<\/h3>\n\n<p>Wenn Sie einen Kommentar auf unserer Website hinterlassen, wird Ihnen angeboten, Ihren Namen, Ihre E-Mail-Adresse und Ihre Website in Cookies zu speichern. Dies dient nur Ihrer Bequemlichkeit, damit Sie diese Informationen nicht eingeben m\u00fcssen, wenn Sie sp\u00e4ter einen weiteren Kommentar ver\u00f6ffentlichen. Diese Cookies verfallen nach einem Jahr.<\/p>\n\n<p>Wenn Sie ein Konto haben und sich auf dieser Website anmelden, wird ein tempor\u00e4res Cookie erstellt, um festzustellen, ob Ihr Browser Cookies akzeptiert. Es enth\u00e4lt keine pers\u00f6nlichen Daten und wird automatisch gel\u00f6scht, wenn Sie Ihren Browser schlie\u00dfen.<\/p>\n\n<p>Wenn Sie sich anmelden, setzen wir eine Reihe von Cookies, um Ihre Anmeldeinformationen und Bildschirmeinstellungen zu speichern. Die Lebensdauer eines Anmelde-Cookies betr\u00e4gt zwei Tage, die eines Bildschirmoptions-Cookies ein Jahr. Wenn Sie &#8220;Angemeldet bleiben&#8221; aktivieren, wird Ihr Verbindungscookie zwei Wochen lang gespeichert. Wenn Sie sich von Ihrem Konto abmelden, wird das Verbindungscookie gel\u00f6scht.<\/p>\n\n<p>Durch \u00c4ndern oder Ver\u00f6ffentlichen eines Beitrags wird ein zus\u00e4tzliches Cookie in Ihrem Browser gespeichert. Dieses Cookie enth\u00e4lt keine pers\u00f6nlichen Daten. Es wird nur die ID des gerade bearbeiteten Beitrags angezeigt. Es l\u00e4uft nach einem Tag ab.<\/p>\n\n<h3 class=\"wp-block-heading\">Von anderen Websites eingebetteter Inhalt<\/h3>\n\n<p>Artikel auf dieser Website k\u00f6nnen eingebettete Inhalte enthalten (z. B. Videos, Bilder, Artikel usw.). Von anderen Websites eingebettete Inhalte verhalten sich genauso, als ob der Besucher diese andere Website besuchen w\u00fcrde.<\/p>\n\n<p>Diese Websites k\u00f6nnen Daten \u00fcber Sie sammeln, Cookies verwenden, Tracking-Tools von Drittanbietern einbetten und Ihre Interaktionen mit diesen eingebetteten Inhalten verfolgen, wenn Sie ein verbundenes Konto auf ihrer Website haben.<\/p>\n\n<h3 class=\"wp-block-heading\">Statistiken und Publikumsmessungen<\/h3>\n\n<h2 class=\"wp-block-heading\">Nutzung und \u00dcbermittlung Ihrer personenbezogenen Daten<\/h2>\n\n<h2 class=\"wp-block-heading\">Wie lange sind Ihre Daten gespeichert?<\/h2>\n\n<p>Wenn Sie einen Kommentar hinterlassen, bleiben der Kommentar und seine Metadaten auf unbestimmte Zeit erhalten. Auf diese Weise k\u00f6nnen nachfolgende Kommentare automatisch erkannt und genehmigt werden, anstatt sie in der Moderationswarteschlange zu belassen.<\/p>\n\n<p>F\u00fcr Benutzer, die sich auf unserer Website registrieren (falls m\u00f6glich), speichern wir auch die in ihrem Profil angegebenen pers\u00f6nlichen Daten. Alle Benutzer k\u00f6nnen ihre pers\u00f6nlichen Daten jederzeit anzeigen, bearbeiten oder l\u00f6schen (mit Ausnahme ihres Benutzernamens). Site Manager k\u00f6nnen diese Informationen auch anzeigen und bearbeiten.<\/p>\n\n<h2 class=\"wp-block-heading\">Welche Rechte haben Sie an Ihren Daten?<\/h2>\n\n<p>Wenn Sie ein Konto haben oder Kommentare auf der Website hinterlassen haben, k\u00f6nnen Sie eine Datei anfordern, die alle pers\u00f6nlichen Daten enth\u00e4lt, die wir \u00fcber Sie gespeichert haben, einschlie\u00dflich der Daten, die Sie uns zur Verf\u00fcgung gestellt haben. Sie k\u00f6nnen auch die L\u00f6schung personenbezogener Daten beantragen. Dies ber\u00fccksichtigt keine Daten, die aus administrativen, rechtlichen oder Sicherheitsgr\u00fcnden gespeichert wurden.<\/p>\n\n<h2 class=\"wp-block-heading\">\u00dcbermittlung Ihrer pers\u00f6nlichen Daten<\/h2>\n\n<p>Besucherkommentare k\u00f6nnen mithilfe eines automatisierten Spam-Erkennungsdienstes \u00fcberpr\u00fcft werden.<\/p>\n\n<h2 class=\"wp-block-heading\">Kontaktinformation<\/h2>\n\n<h2 class=\"wp-block-heading\">zus\u00e4tzliche Information<\/h2>\n\n<h3 class=\"wp-block-heading\">Wie wir Ihre Daten sch\u00fctzen<\/h3>\n\n<h3 class=\"wp-block-heading\">Verfahren im Falle eines Datenversto\u00dfes implementiert<\/h3>\n\n<h3 class=\"wp-block-heading\">Dienste von Drittanbietern, die uns Daten senden<\/h3>\n\n<h3 class=\"wp-block-heading\">Automatisierte Marketing- und \/ oder Profilerstellungsvorg\u00e4nge unter Verwendung personenbezogener Daten<\/h3>\n\n<h3 class=\"wp-block-heading\">Anzeige von Informationen zu Sektoren, die bestimmten Vorschriften unterliegen<\/h3>\n","protected":false},"excerpt":{"rendered":"<p>Wer sind wir ? Unsere Website-Adresse lautet: https:\/\/zenity-design-renovation.fr. Verwendung der erhobenen personenbezogenen Daten Bemerkungen Wenn Sie einen Kommentar auf unserer Website hinterlassen, werden die im Kommentarformular eingegebenen Daten sowie Ihre IP-Adresse und der Benutzeragent Ihres Browsers erfasst, damit wir unerw\u00fcnschte Kommentare erkennen k\u00f6nnen. Ein anonymisierter Kanal, der aus Ihrer E-Mail-Adresse erstellt wurde (auch als Hash [&hellip;]<\/p>\n","protected":false},"author":1,"featured_media":0,"parent":0,"menu_order":0,"comment_status":"closed","ping_status":"open","template":"","meta":{"_et_pb_use_builder":"","_et_pb_old_content":"","_et_gb_content_width":"","footnotes":""},"class_list":["post-1654","page","type-page","status-publish","hentry"],"yoast_head":"<!-- This site is optimized with the Yoast SEO plugin v27.3 - https:\/\/yoast.com\/product\/yoast-seo-wordpress\/ -->\n<title>Datenschutz-Bestimmungen - Zenity Design Renovation<\/title>\n<meta name=\"robots\" content=\"index, follow, max-snippet:-1, max-image-preview:large, max-video-preview:-1\" \/>\n<link rel=\"canonical\" href=\"https:\/\/zenity-design-renovation.fr\/politique-de-confidentialite\/\" \/>\n<meta property=\"og:locale\" content=\"de_DE\" \/>\n<meta property=\"og:type\" content=\"article\" \/>\n<meta property=\"og:title\" content=\"Datenschutz-Bestimmungen - Zenity Design Renovation\" \/>\n<meta property=\"og:description\" content=\"Wer sind wir ? Unsere Website-Adresse lautet: https:\/\/zenity-design-renovation.fr. Verwendung der erhobenen personenbezogenen Daten Bemerkungen Wenn Sie einen Kommentar auf unserer Website hinterlassen, werden die im Kommentarformular eingegebenen Daten sowie Ihre IP-Adresse und der Benutzeragent Ihres Browsers erfasst, damit wir unerw\u00fcnschte Kommentare erkennen k\u00f6nnen. Ein anonymisierter Kanal, der aus Ihrer E-Mail-Adresse erstellt wurde (auch als Hash [&hellip;]\" \/>\n<meta property=\"og:url\" content=\"https:\/\/zenity-design-renovation.fr\/politique-de-confidentialite\/\" \/>\n<meta property=\"og:site_name\" content=\"Zenity Design Renovation\" \/>\n<meta property=\"article:modified_time\" content=\"2021-05-11T13:11:39+00:00\" \/>\n<meta name=\"twitter:card\" content=\"summary_large_image\" \/>\n<meta name=\"twitter:label1\" content=\"Est. reading time\" \/>\n\t<meta name=\"twitter:data1\" content=\"3 minutes\" \/>\n<script type=\"application\/ld+json\" class=\"yoast-schema-graph\">{\"@context\":\"https:\\\/\\\/schema.org\",\"@graph\":[{\"@type\":\"WebPage\",\"@id\":\"https:\\\/\\\/zenity-design-renovation.fr\\\/politique-de-confidentialite\\\/\",\"url\":\"https:\\\/\\\/zenity-design-renovation.fr\\\/politique-de-confidentialite\\\/\",\"name\":\"Datenschutz-Bestimmungen - Zenity Design Renovation\",\"isPartOf\":{\"@id\":\"https:\\\/\\\/zenity-design-renovation.fr\\\/#website\"},\"datePublished\":\"2021-05-11T13:11:38+00:00\",\"dateModified\":\"2021-05-11T13:11:39+00:00\",\"breadcrumb\":{\"@id\":\"https:\\\/\\\/zenity-design-renovation.fr\\\/politique-de-confidentialite\\\/#breadcrumb\"},\"inLanguage\":\"de-DE\",\"potentialAction\":[{\"@type\":\"ReadAction\",\"target\":[\"https:\\\/\\\/zenity-design-renovation.fr\\\/politique-de-confidentialite\\\/\"]}]},{\"@type\":\"BreadcrumbList\",\"@id\":\"https:\\\/\\\/zenity-design-renovation.fr\\\/politique-de-confidentialite\\\/#breadcrumb\",\"itemListElement\":[{\"@type\":\"ListItem\",\"position\":1,\"name\":\"Accueil\",\"item\":\"https:\\\/\\\/zenity-design-renovation.fr\\\/\"},{\"@type\":\"ListItem\",\"position\":2,\"name\":\"Datenschutz-Bestimmungen\"}]},{\"@type\":\"WebSite\",\"@id\":\"https:\\\/\\\/zenity-design-renovation.fr\\\/#website\",\"url\":\"https:\\\/\\\/zenity-design-renovation.fr\\\/\",\"name\":\"Zenity Design Renovation\",\"description\":\"Design et r\u00e9novation en toute s\u00e9r\u00e9nit\u00e9.\",\"potentialAction\":[{\"@type\":\"SearchAction\",\"target\":{\"@type\":\"EntryPoint\",\"urlTemplate\":\"https:\\\/\\\/zenity-design-renovation.fr\\\/?s={search_term_string}\"},\"query-input\":{\"@type\":\"PropertyValueSpecification\",\"valueRequired\":true,\"valueName\":\"search_term_string\"}}],\"inLanguage\":\"de-DE\"}]}<\/script>\n<!-- \/ Yoast SEO plugin. -->","yoast_head_json":{"title":"Datenschutz-Bestimmungen - Zenity Design Renovation","robots":{"index":"index","follow":"follow","max-snippet":"max-snippet:-1","max-image-preview":"max-image-preview:large","max-video-preview":"max-video-preview:-1"},"canonical":"https:\/\/zenity-design-renovation.fr\/politique-de-confidentialite\/","og_locale":"de_DE","og_type":"article","og_title":"Datenschutz-Bestimmungen - Zenity Design Renovation","og_description":"Wer sind wir ? Unsere Website-Adresse lautet: https:\/\/zenity-design-renovation.fr. Verwendung der erhobenen personenbezogenen Daten Bemerkungen Wenn Sie einen Kommentar auf unserer Website hinterlassen, werden die im Kommentarformular eingegebenen Daten sowie Ihre IP-Adresse und der Benutzeragent Ihres Browsers erfasst, damit wir unerw\u00fcnschte Kommentare erkennen k\u00f6nnen. Ein anonymisierter Kanal, der aus Ihrer E-Mail-Adresse erstellt wurde (auch als Hash [&hellip;]","og_url":"https:\/\/zenity-design-renovation.fr\/politique-de-confidentialite\/","og_site_name":"Zenity Design Renovation","article_modified_time":"2021-05-11T13:11:39+00:00","twitter_card":"summary_large_image","twitter_misc":{"Est. reading time":"3 minutes"},"schema":{"@context":"https:\/\/schema.org","@graph":[{"@type":"WebPage","@id":"https:\/\/zenity-design-renovation.fr\/politique-de-confidentialite\/","url":"https:\/\/zenity-design-renovation.fr\/politique-de-confidentialite\/","name":"Datenschutz-Bestimmungen - Zenity Design Renovation","isPartOf":{"@id":"https:\/\/zenity-design-renovation.fr\/#website"},"datePublished":"2021-05-11T13:11:38+00:00","dateModified":"2021-05-11T13:11:39+00:00","breadcrumb":{"@id":"https:\/\/zenity-design-renovation.fr\/politique-de-confidentialite\/#breadcrumb"},"inLanguage":"de-DE","potentialAction":[{"@type":"ReadAction","target":["https:\/\/zenity-design-renovation.fr\/politique-de-confidentialite\/"]}]},{"@type":"BreadcrumbList","@id":"https:\/\/zenity-design-renovation.fr\/politique-de-confidentialite\/#breadcrumb","itemListElement":[{"@type":"ListItem","position":1,"name":"Accueil","item":"https:\/\/zenity-design-renovation.fr\/"},{"@type":"ListItem","position":2,"name":"Datenschutz-Bestimmungen"}]},{"@type":"WebSite","@id":"https:\/\/zenity-design-renovation.fr\/#website","url":"https:\/\/zenity-design-renovation.fr\/","name":"Zenity Design Renovation","description":"Design et r\u00e9novation en toute s\u00e9r\u00e9nit\u00e9.","potentialAction":[{"@type":"SearchAction","target":{"@type":"EntryPoint","urlTemplate":"https:\/\/zenity-design-renovation.fr\/?s={search_term_string}"},"query-input":{"@type":"PropertyValueSpecification","valueRequired":true,"valueName":"search_term_string"}}],"inLanguage":"de-DE"}]}},"_links":{"self":[{"href":"https:\/\/zenity-design-renovation.fr\/de\/wp-json\/wp\/v2\/pages\/1654","targetHints":{"allow":["GET"]}}],"collection":[{"href":"https:\/\/zenity-design-renovation.fr\/de\/wp-json\/wp\/v2\/pages"}],"about":[{"href":"https:\/\/zenity-design-renovation.fr\/de\/wp-json\/wp\/v2\/types\/page"}],"author":[{"embeddable":true,"href":"https:\/\/zenity-design-renovation.fr\/de\/wp-json\/wp\/v2\/users\/1"}],"replies":[{"embeddable":true,"href":"https:\/\/zenity-design-renovation.fr\/de\/wp-json\/wp\/v2\/comments?post=1654"}],"version-history":[{"count":2,"href":"https:\/\/zenity-design-renovation.fr\/de\/wp-json\/wp\/v2\/pages\/1654\/revisions"}],"predecessor-version":[{"id":1656,"href":"https:\/\/zenity-design-renovation.fr\/de\/wp-json\/wp\/v2\/pages\/1654\/revisions\/1656"}],"wp:attachment":[{"href":"https:\/\/zenity-design-renovation.fr\/de\/wp-json\/wp\/v2\/media?parent=1654"}],"curies":[{"name":"wp","href":"https:\/\/api.w.org\/{rel}","templated":true}]}}